{"id":35687,"date":"2019-08-01T22:30:16","date_gmt":"2019-08-02T03:30:16","guid":{"rendered":"https:\/\/d5db325a12.nxcli.io\/?page_id=35687"},"modified":"2026-05-07T17:25:01","modified_gmt":"2026-05-07T22:25:01","slug":"hello","status":"publish","type":"page","link":"https:\/\/dkorinteriors.com\/es\/hello\/","title":{"rendered":"Follow DKOR on Instagram"},"content":{"rendered":"<div class=\"wpb-content-wrapper\"><div class=\"vc_row wpb_row vc_row-fluid wpex-relative\"><div class=\"wpb_column vc_column_container vc_col-sm-12\"><div class=\"vc_column-inner\"><div class=\"wpb_wrapper\">\n\t<div class=\"wpb_text_column wpb_content_element\" >\n\t\t<div class=\"wpb_wrapper\">\n\t\t\t\n\t\t<\/div>\n\t<\/div>\n<\/div><\/div><\/div><\/div><div class=\"vc_row wpb_row vc_row-fluid wpex-vc-full-width-row wpex-vc-full-width-row--no-padding wpex-relative\"><div class=\"wpb_column vc_column_container vc_col-sm-12\"><div class=\"vc_column-inner\"><div class=\"wpb_wrapper\">\n\t<div class=\"wpb_text_column wpb_content_element width-250\" >\n\t\t<div class=\"wpb_wrapper\">\n\t\t\t<p style=\"text-align: center;\"><span style=\"font-size: 12px;\">HELLO DKORISTAS!<\/span><br \/>\n<span style=\"font-size: 12px;\">TAKE A LOOK AROUND!<\/span><\/p>\n\n\t\t<\/div>\n\t<\/div>\n<div class=\"vc_empty_space\"   style=\"height: 20px\"><span class=\"vc_empty_space_inner\"><\/span><\/div><div class=\"vc_btn3-container  width-250 vc_btn3-center vc_do_btn\" ><a class=\"vc_general vc_btn3 vc_btn3-size-md vc_btn3-shape-rounded vc_btn3-style-modern vc_btn3-color-grey\" href=\"https:\/\/api.whatsapp.com\/send?phone=13059812710\" title=\"\" target=\"_blank\">CHAT WITH US ON WHATSAPP!<\/a><\/div><div class=\"vc_empty_space\"   style=\"height: 15px\"><span class=\"vc_empty_space_inner\"><\/span><\/div><div class=\"vc_btn3-container  width-250 vc_btn3-center vc_do_btn\" ><a class=\"vc_general vc_btn3 vc_btn3-size-md vc_btn3-shape-rounded vc_btn3-style-modern vc_btn3-color-grey\" href=\"https:\/\/dkorinteriors.com\/es\/portfolio-residential\/\" title=\"Residential Portfolio\" target=\"_blank\">RESIDENTIAL PORTFOLIO<\/a><\/div><div class=\"vc_btn3-container  width-250 vc_btn3-center vc_do_btn\" ><a class=\"vc_general vc_btn3 vc_btn3-size-md vc_btn3-shape-rounded vc_btn3-style-modern vc_btn3-color-grey\" href=\"https:\/\/dkorinteriors.com\/es\/commercial-design\/\" title=\"COMMERCIAL PORTFOLIO\" target=\"_blank\">COMMERCIAL PORTFOLIO<\/a><\/div><div class=\"vc_empty_space\"   style=\"height: 15px\"><span class=\"vc_empty_space_inner\"><\/span><\/div><div class=\"vc_btn3-container  width-250 vc_btn3-center vc_do_btn\" ><a class=\"vc_general vc_btn3 vc_btn3-size-md vc_btn3-shape-rounded vc_btn3-style-modern vc_btn3-color-grey\" href=\"https:\/\/dkorinteriors.com\/es\/servicios-generales-de-diseno\/\" title=\"Servicios de dise\u00f1o\" target=\"_blank\">SERVICIOS DE DISE\u00d1O<\/a><\/div><div class=\"vc_empty_space\"   style=\"height: 15px\"><span class=\"vc_empty_space_inner\"><\/span><\/div><div class=\"vcex-module vcex-divider vcex-divider-solid vcex-divider-center wpex-mx-auto wpex-max-w-100 wpex-block wpex-h-0 wpex-border-b wpex-border-solid wpex-border-main\" style=\"width:230px;border-bottom-width:2px;border-color:#6a9695;\"><\/div><div class=\"vc_empty_space\"   style=\"height: 5px\"><span class=\"vc_empty_space_inner\"><\/span><\/div>\n\t<div class=\"wpb_text_column wpb_content_element\" >\n\t\t<div class=\"wpb_wrapper\">\n\t\t\t<p style=\"text-align: center;\"><span style=\"font-size: 12px;\">RECENT BLOG POSTS<\/span><\/p>\n\n\t\t<\/div>\n\t<\/div>\n<div class=\"vc_empty_space\"   style=\"height: 15px\"><span class=\"vc_empty_space_inner\"><\/span><\/div>\n\t<div  class=\"wpb_single_image wpb_content_element vc_align_center wpb_content_element\">\n\t\t\n\t\t<figure class=\"wpb_wrapper vc_figure\">\n\t\t\t<a href=\"https:\/\/dkorinteriors.com\/es\/consejos\/retail-interior-design-tips-customer-experience\/\" target=\"_blank\" class=\"vc_single_image-wrapper vc_box_rounded  vc_box_border_grey\"><img class=\"vc_single_image-img\" src=\"https:\/\/dkorinteriors.com\/wp-content\/uploads\/2026\/05\/commercial-retail-interior-design-230x150.webp\" width=\"230\" height=\"150\" alt=\"commercial-retail-interior-design\" title=\"commercial-retail-interior-design\" loading=\"lazy\" \/><\/a>\n\t\t<\/figure>\n\t<\/div>\n<div class=\"vc_empty_space\"   style=\"height: 15px\"><span class=\"vc_empty_space_inner\"><\/span><\/div><div class=\"vc_btn3-container  width-250 vc_btn3-center vc_do_btn\" ><a class=\"vc_general vc_btn3 vc_btn3-size-md vc_btn3-shape-rounded vc_btn3-style-modern vc_btn3-color-grey\" href=\"https:\/\/dkorinteriors.com\/es\/consejos\/retail-interior-design-tips-customer-experience\/\" title=\"Retail Interior Design Tips to Create a Better Customer Experience\" target=\"_blank\" rel=\"nofollow\">Retail Interior Design Tips to Create a Better Customer Experience<\/a><\/div><div class=\"vc_empty_space\"   style=\"height: 15px\"><span class=\"vc_empty_space_inner\"><\/span><\/div>\n\t<div  class=\"wpb_single_image wpb_content_element vc_align_center wpb_content_element\">\n\t\t\n\t\t<figure class=\"wpb_wrapper vc_figure\">\n\t\t\t<a href=\"https:\/\/dkorinteriors.com\/es\/consejos\/home-renovation-needs-interior-designer\/\" target=\"_blank\" class=\"vc_single_image-wrapper vc_box_rounded  vc_box_border_grey\"><img class=\"vc_single_image-img\" src=\"https:\/\/dkorinteriors.com\/wp-content\/uploads\/2026\/05\/contemporamy-home-interior-design-230x150.webp\" width=\"230\" height=\"150\" alt=\"contemporamy-home-interior-design\" title=\"contemporamy-home-interior-design\" loading=\"lazy\" \/><\/a>\n\t\t<\/figure>\n\t<\/div>\n<div class=\"vc_empty_space\"   style=\"height: 15px\"><span class=\"vc_empty_space_inner\"><\/span><\/div><div class=\"vc_btn3-container  width-250 vc_btn3-center vc_do_btn\" ><a class=\"vc_general vc_btn3 vc_btn3-size-md vc_btn3-shape-rounded vc_btn3-style-modern vc_btn3-color-grey\" href=\"https:\/\/dkorinteriors.com\/es\/consejos\/benefits-of-using-same-home-interior-designer\/\" title=\"Benefits of Using the Same Home Interior Designer Across Homes\" target=\"_blank\" rel=\"nofollow\">Benefits of Using the Same Home Interior Designer Across Homes<\/a><\/div><div class=\"vc_empty_space\"   style=\"height: 15px\"><span class=\"vc_empty_space_inner\"><\/span><\/div>\n\t<div  class=\"wpb_single_image wpb_content_element vc_align_center wpb_content_element\">\n\t\t\n\t\t<figure class=\"wpb_wrapper vc_figure\">\n\t\t\t<a href=\"https:\/\/dkorinteriors.com\/es\/consejos\/home-renovation-needs-interior-designer\/\" target=\"_blank\" class=\"vc_single_image-wrapper vc_box_rounded  vc_box_border_grey\"><img class=\"vc_single_image-img\" src=\"https:\/\/dkorinteriors.com\/wp-content\/uploads\/2026\/04\/why-a-renovation-needs-designer-cober-230x150.webp\" width=\"230\" height=\"150\" alt=\"why-a-renovation-needs-designer-cober\" title=\"why-a-renovation-needs-designer-cober\" loading=\"lazy\" \/><\/a>\n\t\t<\/figure>\n\t<\/div>\n<div class=\"vc_empty_space\"   style=\"height: 15px\"><span class=\"vc_empty_space_inner\"><\/span><\/div><div class=\"vc_btn3-container  width-250 vc_btn3-center vc_do_btn\" ><a class=\"vc_general vc_btn3 vc_btn3-size-md vc_btn3-shape-rounded vc_btn3-style-modern vc_btn3-color-grey\" href=\"https:\/\/dkorinteriors.com\/es\/consejos\/home-renovation-needs-interior-designer\/\" title=\"Why Every Renovation Needs a Designer First\" target=\"_blank\" rel=\"nofollow\">Why Every Renovation Needs a Designer First<\/a><\/div><div class=\"vc_empty_space\"   style=\"height: 15px\"><span class=\"vc_empty_space_inner\"><\/span><\/div>\n\t<div  class=\"wpb_single_image wpb_content_element vc_align_center wpb_content_element\">\n\t\t\n\t\t<figure class=\"wpb_wrapper vc_figure\">\n\t\t\t<a href=\"https:\/\/dkorinteriors.com\/es\/consejos\/home-interior-renovation-keep-vs-change\/\" target=\"_blank\" class=\"vc_single_image-wrapper vc_box_rounded  vc_box_border_grey\"><img class=\"vc_single_image-img\" src=\"https:\/\/dkorinteriors.com\/wp-content\/uploads\/2026\/04\/home-design-renovation-services-230x150.webp\" width=\"230\" height=\"150\" alt=\"home-design-renovation-services\" title=\"home-design-renovation-services\" loading=\"lazy\" \/><\/a>\n\t\t<\/figure>\n\t<\/div>\n<div class=\"vc_empty_space\"   style=\"height: 15px\"><span class=\"vc_empty_space_inner\"><\/span><\/div><div class=\"vc_btn3-container  width-250 vc_btn3-center vc_do_btn\" ><a class=\"vc_general vc_btn3 vc_btn3-size-md vc_btn3-shape-rounded vc_btn3-style-modern vc_btn3-color-grey\" href=\"https:\/\/dkorinteriors.com\/es\/consejos\/home-interior-renovation-keep-vs-change\/\" title=\"Home Interior Renovation Guide: What to Keep, What to Transform\" target=\"_blank\" rel=\"nofollow\">Home Interior Renovation Guide: What to Keep, What to Transform<\/a><\/div><div class=\"vc_empty_space\"   style=\"height: 15px\"><span class=\"vc_empty_space_inner\"><\/span><\/div>\n\t<div  class=\"wpb_single_image wpb_content_element vc_align_center wpb_content_element\">\n\t\t\n\t\t<figure class=\"wpb_wrapper vc_figure\">\n\t\t\t<a href=\"https:\/\/dkorinteriors.com\/es\/viviendas-dkor\/full-service-interior-design-benefits\/\" target=\"_blank\" class=\"vc_single_image-wrapper vc_box_rounded  vc_box_border_grey\"><img class=\"vc_single_image-img\" src=\"https:\/\/dkorinteriors.com\/wp-content\/uploads\/2026\/04\/full-interior-design-service-cover-230x150.webp\" width=\"230\" height=\"150\" alt=\"full-interior-design-service-cover\" title=\"full-interior-design-service-cover\" loading=\"lazy\" \/><\/a>\n\t\t<\/figure>\n\t<\/div>\n<div class=\"vc_empty_space\"   style=\"height: 15px\"><span class=\"vc_empty_space_inner\"><\/span><\/div><div class=\"vc_btn3-container  width-250 vc_btn3-center vc_do_btn\" ><a class=\"vc_general vc_btn3 vc_btn3-size-md vc_btn3-shape-rounded vc_btn3-style-modern vc_btn3-color-grey\" href=\"https:\/\/dkorinteriors.com\/es\/viviendas-dkor\/full-service-interior-design-benefits\/\" title=\"The Real Reasons Full Service Interior Design Is Worth the Investment\" target=\"_blank\" rel=\"nofollow\">The Real Reasons Full Service Interior Design Is Worth the Investment<\/a><\/div><div class=\"vc_empty_space\"   style=\"height: 15px\"><span class=\"vc_empty_space_inner\"><\/span><\/div>\n\t<div  class=\"wpb_single_image wpb_content_element vc_align_center wpb_content_element\">\n\t\t\n\t\t<figure class=\"wpb_wrapper vc_figure\">\n\t\t\t<a href=\"https:\/\/dkorinteriors.com\/es\/consejos\/restaurant-renovation-design-relocation\/\" target=\"_blank\" class=\"vc_single_image-wrapper vc_box_rounded  vc_box_border_grey\"><img class=\"vc_single_image-img\" src=\"https:\/\/dkorinteriors.com\/wp-content\/uploads\/2026\/04\/restaurant-renovation-cover-230x150.webp\" width=\"230\" height=\"150\" alt=\"restaurant-renovation-cover\" title=\"restaurant-renovation-cover\" loading=\"lazy\" \/><\/a>\n\t\t<\/figure>\n\t<\/div>\n<div class=\"vc_empty_space\"   style=\"height: 15px\"><span class=\"vc_empty_space_inner\"><\/span><\/div><div class=\"vc_btn3-container  width-250 vc_btn3-center vc_do_btn\" ><a class=\"vc_general vc_btn3 vc_btn3-size-md vc_btn3-shape-rounded vc_btn3-style-modern vc_btn3-color-grey\" href=\"https:\/\/dkorinteriors.com\/es\/consejos\/restaurant-renovation-design-relocation\/\" title=\"Restaurant Renovation &amp; Design Tips for a Smooth Relocation\" target=\"_blank\" rel=\"nofollow\">Restaurant Renovation &amp; Design Tips for a Smooth Relocation<\/a><\/div><div class=\"vc_empty_space\"   style=\"height: 15px\"><span class=\"vc_empty_space_inner\"><\/span><\/div>\n\t<div  class=\"wpb_single_image wpb_content_element vc_align_center wpb_content_element\">\n\t\t\n\t\t<figure class=\"wpb_wrapper vc_figure\">\n\t\t\t<a href=\"https:\/\/dkorinteriors.com\/es\/viviendas-dkor\/master-bedroom-transitional-style\/\" target=\"_blank\" class=\"vc_single_image-wrapper vc_box_rounded  vc_box_border_grey\"><img class=\"vc_single_image-img\" src=\"https:\/\/dkorinteriors.com\/wp-content\/uploads\/2026\/03\/Glamorous-Transitional-Bedroom-Design-230x150.webp\" width=\"230\" height=\"150\" alt=\"Boca Raton Florida master bedroom design with transitional interior style\" title=\"Glamorous-Transitional-Bedroom-Design\" loading=\"lazy\" \/><\/a>\n\t\t<\/figure>\n\t<\/div>\n<div class=\"vc_empty_space\"   style=\"height: 15px\"><span class=\"vc_empty_space_inner\"><\/span><\/div><div class=\"vc_btn3-container  width-250 vc_btn3-center vc_do_btn\" ><a class=\"vc_general vc_btn3 vc_btn3-size-md vc_btn3-shape-rounded vc_btn3-style-modern vc_btn3-color-grey\" href=\"https:\/\/dkorinteriors.com\/es\/viviendas-dkor\/master-bedroom-transitional-style\/\" title=\"Glamorous Master Bedroom Design in a Transitional Style\" target=\"_blank\" rel=\"nofollow\">Glamorous Master Bedroom Design in a Transitional Style<\/a><\/div><div class=\"vc_empty_space\"   style=\"height: 15px\"><span class=\"vc_empty_space_inner\"><\/span><\/div>\n\t<div  class=\"wpb_single_image wpb_content_element vc_align_center wpb_content_element\">\n\t\t\n\t\t<figure class=\"wpb_wrapper vc_figure\">\n\t\t\t<a href=\"https:\/\/dkorinteriors.com\/es\/consejos\/transition-design-style-guide\/\" target=\"_blank\" class=\"vc_single_image-wrapper vc_box_rounded  vc_box_border_grey\"><img class=\"vc_single_image-img\" src=\"https:\/\/dkorinteriors.com\/wp-content\/uploads\/2026\/03\/transitional-design-style-interiors-230x150.webp\" width=\"230\" height=\"150\" alt=\"Boca Raton Interiors with Transitional Style by DKOR Interiors\" title=\"transitional-design-style-interiors\" loading=\"lazy\" \/><\/a>\n\t\t<\/figure>\n\t<\/div>\n<div class=\"vc_empty_space\"   style=\"height: 15px\"><span class=\"vc_empty_space_inner\"><\/span><\/div><div class=\"vc_btn3-container  width-250 vc_btn3-center vc_do_btn\" ><a class=\"vc_general vc_btn3 vc_btn3-size-md vc_btn3-shape-rounded vc_btn3-style-modern vc_btn3-color-grey\" href=\"https:\/\/dkorinteriors.com\/es\/consejos\/transition-design-style-guide\/\" title=\"Is the Transitional Design Style Right for Your Home?\" target=\"_blank\" rel=\"nofollow\">Is the Transitional Design Style Right for Your Home?<\/a><\/div><div class=\"vc_empty_space\"   style=\"height: 15px\"><span class=\"vc_empty_space_inner\"><\/span><\/div>\n\t<div  class=\"wpb_single_image wpb_content_element vc_align_center wpb_content_element\">\n\t\t\n\t\t<figure class=\"wpb_wrapper vc_figure\">\n\t\t\t<a href=\"https:\/\/dkorinteriors.com\/es\/noticias\/best-interior-design-firms-best-of-houzz\/\" target=\"_blank\" class=\"vc_single_image-wrapper vc_box_rounded  vc_box_border_grey\"><img class=\"vc_single_image-img\" src=\"https:\/\/dkorinteriors.com\/wp-content\/uploads\/2026\/02\/bay-harbor-luxury-residence-230x150.webp\" width=\"230\" height=\"150\" alt=\"Professional Bay Harbor Florida interior design services for elegant living spaces\" title=\"bay-harbor-luxury-residence\" loading=\"lazy\" \/><\/a>\n\t\t<\/figure>\n\t<\/div>\n<div class=\"vc_empty_space\"   style=\"height: 15px\"><span class=\"vc_empty_space_inner\"><\/span><\/div><div class=\"vc_btn3-container  width-250 vc_btn3-center vc_do_btn\" ><a class=\"vc_general vc_btn3 vc_btn3-size-md vc_btn3-shape-rounded vc_btn3-style-modern vc_btn3-color-grey\" href=\"https:\/\/dkorinteriors.com\/es\/noticias\/best-interior-design-firms-best-of-houzz\/\" title=\"Best Interior Design Firms: DKOR\u2019s 14th Best of Houzz Award\" target=\"_blank\" rel=\"nofollow\">Best Interior Design Firms: DKOR\u2019s 14th Best of Houzz Award<\/a><\/div><\/div><\/div><\/div><\/div><div class=\"vc_row wpb_row vc_row-fluid wpex-relative\"><div class=\"wpb_column vc_column_container vc_col-sm-12\"><div class=\"vc_column-inner\"><div class=\"wpb_wrapper\"><\/div><\/div><\/div><\/div><div class=\"vc_row wpb_row vc_row-fluid wpex-relative\"><div class=\"wpb_column vc_column_container vc_col-sm-12\"><div class=\"vc_column-inner\"><div class=\"wpb_wrapper\">\n\t<div class=\"wpb_text_column wpb_content_element\" >\n\t\t<div class=\"wpb_wrapper\">\n\t\t\t\n\t\t<\/div>\n\t<\/div>\n<\/div><\/div><\/div><\/div>\n<\/div>","protected":false},"excerpt":{"rendered":"HELLO DKORISTAS! TAKE A LOOK AROUND! CHAT WITH US ON WHATSAPP!RESIDENTIAL PORTFOLIOCOMMERCIAL PORTFOLIODESIGN SERVICES RECENT BLOG POSTS Retail Interior Design Tips to Create a Better Customer Experience Benefits of Using the Same Home Interior Designer Across Homes Why Every Renovation Needs a Designer First Home Interior Renovation Guide: What to Keep, What to Transform The&hellip;","protected":false},"author":3,"featured_media":0,"parent":0,"menu_order":0,"comment_status":"closed","ping_status":"closed","template":"","meta":{"_relevanssi_hide_post":"","_relevanssi_hide_content":"","_relevanssi_pin_for_all":"","_relevanssi_pin_keywords":"","_relevanssi_unpin_keywords":"","_relevanssi_related_keywords":"","_relevanssi_related_include_ids":"","_relevanssi_related_exclude_ids":"","_relevanssi_related_no_append":"","_relevanssi_related_not_related":"","_relevanssi_related_posts":"","_relevanssi_noindex_reason":"","_monsterinsights_skip_tracking":false,"_monsterinsights_sitenote_active":false,"_monsterinsights_sitenote_note":"","_monsterinsights_sitenote_category":0,"footnotes":""},"class_list":["post-35687","page","type-page","status-publish","hentry","entry","no-media"],"yoast_head":"<!-- This site is optimized with the Yoast SEO Premium plugin v27.5 (Yoast SEO v27.5) - https:\/\/yoast.com\/product\/yoast-seo-premium-wordpress\/ -->\n<title>Interior Design Firm Instagram Account | DKOR Interiors<\/title>\n<meta name=\"description\" content=\"Follow DKOR on Instagram | Residential Interior Design From DKOR Interiors\" \/>\n<meta name=\"robots\" content=\"index, follow, max-snippet:-1, max-image-preview:large, max-video-preview:-1\" \/>\n<link rel=\"canonical\" href=\"https:\/\/dkorinteriors.com\/es\/hello\/\" \/>\n<meta property=\"og:locale\" content=\"es_MX\" \/>\n<meta property=\"og:type\" content=\"article\" \/>\n<meta property=\"og:title\" content=\"Follow DKOR on Instagram\" \/>\n<meta property=\"og:description\" content=\"Follow DKOR on Instagram | Residential Interior Design From DKOR Interiors\" \/>\n<meta property=\"og:url\" content=\"https:\/\/dkorinteriors.com\/es\/hello\/\" \/>\n<meta property=\"og:site_name\" content=\"Residential Interior Design From DKOR Interiors\" \/>\n<meta property=\"article:publisher\" content=\"https:\/\/www.facebook.com\/dkorinteriors\/\" \/>\n<meta property=\"article:modified_time\" content=\"2026-05-07T22:25:01+00:00\" \/>\n<meta name=\"twitter:card\" content=\"summary_large_image\" \/>\n<meta name=\"twitter:site\" content=\"@dkorinteriors\" \/>\n<meta name=\"twitter:label1\" content=\"Tiempo de lectura\" \/>\n\t<meta name=\"twitter:data1\" content=\"3 minutos\" \/>\n<script type=\"application\/ld+json\" class=\"yoast-schema-graph\">{\"@context\":\"https:\\\/\\\/schema.org\",\"@graph\":[{\"@type\":\"WebPage\",\"@id\":\"https:\\\/\\\/dkorinteriors.com\\\/hello\\\/\",\"url\":\"https:\\\/\\\/dkorinteriors.com\\\/hello\\\/\",\"name\":\"Interior Design Firm Instagram Account | DKOR Interiors\",\"isPartOf\":{\"@id\":\"https:\\\/\\\/dkorinteriors.com\\\/#website\"},\"datePublished\":\"2019-08-02T03:30:16+00:00\",\"dateModified\":\"2026-05-07T22:25:01+00:00\",\"description\":\"Follow DKOR on Instagram | Residential Interior Design From DKOR Interiors\",\"breadcrumb\":{\"@id\":\"https:\\\/\\\/dkorinteriors.com\\\/hello\\\/#breadcrumb\"},\"inLanguage\":\"es\",\"potentialAction\":[{\"@type\":\"ReadAction\",\"target\":[\"https:\\\/\\\/dkorinteriors.com\\\/hello\\\/\"]}]},{\"@type\":\"BreadcrumbList\",\"@id\":\"https:\\\/\\\/dkorinteriors.com\\\/hello\\\/#breadcrumb\",\"itemListElement\":[{\"@type\":\"ListItem\",\"position\":1,\"name\":\"Home\",\"item\":\"https:\\\/\\\/dkorinteriors.com\\\/\"},{\"@type\":\"ListItem\",\"position\":2,\"name\":\"Follow DKOR on Instagram\"}]},{\"@type\":\"WebSite\",\"@id\":\"https:\\\/\\\/dkorinteriors.com\\\/#website\",\"url\":\"https:\\\/\\\/dkorinteriors.com\\\/\",\"name\":\"Residential Interior Design From DKOR Interiors\",\"description\":\"Residential Interior Design Services\",\"publisher\":{\"@id\":\"https:\\\/\\\/dkorinteriors.com\\\/#organization\"},\"alternateName\":\"DKOR Interiors\",\"potentialAction\":[{\"@type\":\"SearchAction\",\"target\":{\"@type\":\"EntryPoint\",\"urlTemplate\":\"https:\\\/\\\/dkorinteriors.com\\\/?s={search_term_string}\"},\"query-input\":{\"@type\":\"PropertyValueSpecification\",\"valueRequired\":true,\"valueName\":\"search_term_string\"}}],\"inLanguage\":\"es\"},{\"@type\":\"Organization\",\"@id\":\"https:\\\/\\\/dkorinteriors.com\\\/#organization\",\"name\":\"Dkor Interiors\",\"url\":\"https:\\\/\\\/dkorinteriors.com\\\/\",\"logo\":{\"@type\":\"ImageObject\",\"inLanguage\":\"es\",\"@id\":\"https:\\\/\\\/dkorinteriors.com\\\/#\\\/schema\\\/logo\\\/image\\\/\",\"url\":\"https:\\\/\\\/dkorinteriors.com\\\/wp-content\\\/uploads\\\/2024\\\/07\\\/DKOR_INTERIORS_LOGO_mobile_retina.webp\",\"contentUrl\":\"https:\\\/\\\/dkorinteriors.com\\\/wp-content\\\/uploads\\\/2024\\\/07\\\/DKOR_INTERIORS_LOGO_mobile_retina.webp\",\"width\":369,\"height\":120,\"caption\":\"Dkor Interiors\"},\"image\":{\"@id\":\"https:\\\/\\\/dkorinteriors.com\\\/#\\\/schema\\\/logo\\\/image\\\/\"},\"sameAs\":[\"https:\\\/\\\/www.facebook.com\\\/dkorinteriors\\\/\",\"https:\\\/\\\/x.com\\\/dkorinteriors\",\"https:\\\/\\\/www.instagram.com\\\/dkorinteriors\",\"https:\\\/\\\/pinterest.com\\\/dkorinteriors\\\/\",\"https:\\\/\\\/www.youtube.com\\\/channel\\\/UCA1U7wRnaz5_lkSMYTXf1qw\"],\"description\":\"Top luxury interior designers in Florida and beyond. Experts in residential and commercial spaces. See our portfolio!\",\"email\":\"INFO@DKORINTERIORS.COM\",\"telephone\":\"(305) 981-2710\",\"legalName\":\"DKOR Interiors\",\"foundingDate\":\"2004-01-16\"}]}<\/script>\n<!-- \/ Yoast SEO Premium plugin. -->","yoast_head_json":{"title":"Interior Design Firm Instagram Account | DKOR Interiors","description":"Follow DKOR on Instagram | Residential Interior Design From DKOR Interiors","robots":{"index":"index","follow":"follow","max-snippet":"max-snippet:-1","max-image-preview":"max-image-preview:large","max-video-preview":"max-video-preview:-1"},"canonical":"https:\/\/dkorinteriors.com\/es\/hello\/","og_locale":"es_MX","og_type":"article","og_title":"Follow DKOR on Instagram","og_description":"Follow DKOR on Instagram | Residential Interior Design From DKOR Interiors","og_url":"https:\/\/dkorinteriors.com\/es\/hello\/","og_site_name":"Residential Interior Design From DKOR Interiors","article_publisher":"https:\/\/www.facebook.com\/dkorinteriors\/","article_modified_time":"2026-05-07T22:25:01+00:00","twitter_card":"summary_large_image","twitter_site":"@dkorinteriors","twitter_misc":{"Tiempo de lectura":"3 minutos"},"schema":{"@context":"https:\/\/schema.org","@graph":[{"@type":"WebPage","@id":"https:\/\/dkorinteriors.com\/hello\/","url":"https:\/\/dkorinteriors.com\/hello\/","name":"Interior Design Firm Instagram Account | DKOR Interiors","isPartOf":{"@id":"https:\/\/dkorinteriors.com\/#website"},"datePublished":"2019-08-02T03:30:16+00:00","dateModified":"2026-05-07T22:25:01+00:00","description":"Follow DKOR on Instagram | Residential Interior Design From DKOR Interiors","breadcrumb":{"@id":"https:\/\/dkorinteriors.com\/hello\/#breadcrumb"},"inLanguage":"es","potentialAction":[{"@type":"ReadAction","target":["https:\/\/dkorinteriors.com\/hello\/"]}]},{"@type":"BreadcrumbList","@id":"https:\/\/dkorinteriors.com\/hello\/#breadcrumb","itemListElement":[{"@type":"ListItem","position":1,"name":"Home","item":"https:\/\/dkorinteriors.com\/"},{"@type":"ListItem","position":2,"name":"Follow DKOR on Instagram"}]},{"@type":"WebSite","@id":"https:\/\/dkorinteriors.com\/#website","url":"https:\/\/dkorinteriors.com\/","name":"Dise\u00f1o de interiores residenciales de DKOR Interiors","description":"Servicios de dise\u00f1o de interiores residenciales","publisher":{"@id":"https:\/\/dkorinteriors.com\/#organization"},"alternateName":"DKOR Interiors","potentialAction":[{"@type":"SearchAction","target":{"@type":"EntryPoint","urlTemplate":"https:\/\/dkorinteriors.com\/?s={search_term_string}"},"query-input":{"@type":"PropertyValueSpecification","valueRequired":true,"valueName":"search_term_string"}}],"inLanguage":"es"},{"@type":"Organization","@id":"https:\/\/dkorinteriors.com\/#organization","name":"Dkor Interiores","url":"https:\/\/dkorinteriors.com\/","logo":{"@type":"ImageObject","inLanguage":"es","@id":"https:\/\/dkorinteriors.com\/#\/schema\/logo\/image\/","url":"https:\/\/dkorinteriors.com\/wp-content\/uploads\/2024\/07\/DKOR_INTERIORS_LOGO_mobile_retina.webp","contentUrl":"https:\/\/dkorinteriors.com\/wp-content\/uploads\/2024\/07\/DKOR_INTERIORS_LOGO_mobile_retina.webp","width":369,"height":120,"caption":"Dkor Interiors"},"image":{"@id":"https:\/\/dkorinteriors.com\/#\/schema\/logo\/image\/"},"sameAs":["https:\/\/www.facebook.com\/dkorinteriors\/","https:\/\/x.com\/dkorinteriors","https:\/\/www.instagram.com\/dkorinteriors","https:\/\/pinterest.com\/dkorinteriors\/","https:\/\/www.youtube.com\/channel\/UCA1U7wRnaz5_lkSMYTXf1qw"],"description":"Los mejores dise\u00f1adores de interiores de lujo en Florida y m\u00e1s all\u00e1. Expertos en espacios residenciales y comerciales. \u00a1Vea nuestro portafolio!","email":"INFO@DKORINTERIORS.COM","telephone":"(305) 981-2710","legalName":"DKOR Interiors","foundingDate":"2004-01-16"}]}},"_links":{"self":[{"href":"https:\/\/dkorinteriors.com\/es\/wp-json\/wp\/v2\/pages\/35687","targetHints":{"allow":["GET"]}}],"collection":[{"href":"https:\/\/dkorinteriors.com\/es\/wp-json\/wp\/v2\/pages"}],"about":[{"href":"https:\/\/dkorinteriors.com\/es\/wp-json\/wp\/v2\/types\/page"}],"author":[{"embeddable":true,"href":"https:\/\/dkorinteriors.com\/es\/wp-json\/wp\/v2\/users\/3"}],"replies":[{"embeddable":true,"href":"https:\/\/dkorinteriors.com\/es\/wp-json\/wp\/v2\/comments?post=35687"}],"version-history":[{"count":32,"href":"https:\/\/dkorinteriors.com\/es\/wp-json\/wp\/v2\/pages\/35687\/revisions"}],"predecessor-version":[{"id":64606,"href":"https:\/\/dkorinteriors.com\/es\/wp-json\/wp\/v2\/pages\/35687\/revisions\/64606"}],"wp:attachment":[{"href":"https:\/\/dkorinteriors.com\/es\/wp-json\/wp\/v2\/media?parent=35687"}],"curies":[{"name":"wp","href":"https:\/\/api.w.org\/{rel}","templated":true}]}}