{"id":19165,"date":"2016-06-02T17:18:24","date_gmt":"2016-06-02T22:18:24","guid":{"rendered":"https:\/\/d5db325a12.nxcli.io\/?page_id=19165"},"modified":"2021-06-21T12:55:15","modified_gmt":"2021-06-21T17:55:15","slug":"privacy","status":"publish","type":"page","link":"https:\/\/dkorinteriors.com\/es\/privacy\/","title":{"rendered":"Privacidad"},"content":{"rendered":"<div class=\"wpb-content-wrapper\"><div class=\"vc_row wpb_row vc_row-fluid wpex-relative\"><div class=\"wpb_column vc_column_container vc_col-sm-2\"><div class=\"vc_column-inner\"><div class=\"wpb_wrapper\"><\/div><\/div><\/div><div class=\"wpb_column vc_column_container vc_col-sm-8\"><div class=\"vc_column-inner\"><div class=\"wpb_wrapper\">\n\t<div class=\"wpb_text_column wpb_content_element\" >\n\t\t<div class=\"wpb_wrapper\">\n\t\t\t<h3><strong>PRIVACY POLICY STATEMENT<\/strong><\/h3>\n<p>DKOR Interiors takes precautions with customer information and personal data. DKOR Interiors values its users and respects your privacy.<\/p>\n<p>We want you to know what type of information may be received and collected by our website. The purpose of this Privacy Policy is to inform you what personally identifiable information we may collect and how it may be used. This statement applies only to DKOR Interiors&#8217;s website.<\/p>\n<p><strong>INFORMATION THAT YOU VOLUNTARILY SUBMIT TO THE WEBSITE<\/strong><\/p>\n<p>We may collect personal information such as your name or email address. This can be\u00a0 information you voluntarily submitted through the contact form, leaving a comment, or subscribing to the newsletter.\u00a0 Your information won&#8217;t be passed on to anyone else.<\/p>\n<p><strong>INFORMATION THAT WE COLLECT FROM OTHERS<\/strong><\/p>\n<p>Certain information is automatically collected about you and the device with which you access the website. Such as logging your IP address, operating system type, browser type, any referring websites, pages viewed, along with dates &amp; times you accessed the website.<\/p>\n<p><strong>REGARDING ADS<\/strong><\/p>\n<p>This Website may engage in remarketing efforts with third-party companies such as Facebook, Google, or Instagram, in order to market the website. These companies use cookies to serve ads based on someone&#8217;s past visits to the website.<\/p>\n<p><strong>AFFILIATE PROGRAM PARTICIPATION<\/strong><\/p>\n<p>DKOR Interiors is a participant in different affiliate advertising programs designed to provide a means for sites to earn advertising fees by advertising and linking to their websites.<\/p>\n<p>Being an affiliate means that we shall receive a small commission on sales we refer from this website, with no additional cost to you.<\/p>\n<p><strong>LINKS TO OTHER SITES<\/strong><\/p>\n<p>Our Service may contain links to other sites. If you click on a third-party link, you will be directed to that site. Note that these external sites are not operated by us. Therefore, we strongly advise you to review the Privacy Policy of these websites. We have no control over, and assume no responsibility for the content, privacy policies, or practices of any third-party sites or services.<\/p>\n<p><strong>USE OF YOUR PERSONAL DATA<\/strong><\/p>\n<p>DKOR Interiors may use Personal Data for the following purposes:<\/p>\n<ul>\n<li>To provide and maintain our Service, including to monitor the usage of our Service.<\/li>\n<li>To contact You: To contact You by email, telephone calls, SMS, or other equivalent forms of electronic communication, such as a mobile application&#8217;s push notifications regarding updates or informative communications related to our design services.<\/li>\n<li>To provide You with news and general information about services and events which we offer that are similar to those that you have already inquired about unless You have opted not to receive such information.<\/li>\n<li>To manage Your requests: To attend and manage Your requests to Us.<\/li>\n<\/ul>\n<p><strong>CHANGES TO THIS PRIVACY POLICY<\/strong><\/p>\n<p>We may update our Privacy Policy from time to time. Thus, we advise you to review this page periodically for any changes. We will notify you of any changes by posting the new Privacy Policy on this page. These changes are effective immediately, after they are posted on this page.<\/p>\n<p><strong>CONTACTO<\/strong><\/p>\n<p>If you have any questions or suggestions about our Privacy Policy, do not hesitate to contact us.<\/p>\n\n\t\t<\/div>\n\t<\/div>\n<\/div><\/div><\/div><div class=\"wpb_column vc_column_container vc_col-sm-2\"><div class=\"vc_column-inner\"><div class=\"wpb_wrapper\"><\/div><\/div><\/div><\/div>\n<\/div>","protected":false},"excerpt":{"rendered":"PRIVACY POLICY STATEMENT DKOR Interiors takes precautions with customer information and personal data. DKOR Interiors values its users and respects your privacy. We want you to know what type of information may be received and collected by our website. The purpose of this Privacy Policy is to inform you what personally identifiable information we may&hellip;","protected":false},"author":3,"featured_media":0,"parent":0,"menu_order":0,"comment_status":"closed","ping_status":"closed","template":"","meta":{"_relevanssi_hide_post":"","_relevanssi_hide_content":"","_relevanssi_pin_for_all":"","_relevanssi_pin_keywords":"","_relevanssi_unpin_keywords":"","_relevanssi_related_keywords":"","_relevanssi_related_include_ids":"","_relevanssi_related_exclude_ids":"","_relevanssi_related_no_append":"","_relevanssi_related_not_related":"","_relevanssi_related_posts":"","_relevanssi_noindex_reason":"","_monsterinsights_skip_tracking":false,"_monsterinsights_sitenote_active":false,"_monsterinsights_sitenote_note":"","_monsterinsights_sitenote_category":0,"footnotes":""},"class_list":["post-19165","page","type-page","status-publish","hentry","entry","no-media"],"yoast_head":"<!-- This site is optimized with the Yoast SEO Premium plugin v27.4 (Yoast SEO v27.4) - https:\/\/yoast.com\/product\/yoast-seo-premium-wordpress\/ -->\n<title>Privacy | Residential Interior Design From DKOR Interiors<\/title>\n<meta name=\"description\" content=\"Privacy | Residential Interior Design From DKOR Interiors\" \/>\n<meta name=\"robots\" content=\"index, follow, max-snippet:-1, max-image-preview:large, max-video-preview:-1\" \/>\n<link rel=\"canonical\" href=\"https:\/\/dkorinteriors.com\/es\/privacy\/\" \/>\n<meta property=\"og:locale\" content=\"es_MX\" \/>\n<meta property=\"og:type\" content=\"article\" \/>\n<meta property=\"og:title\" content=\"Privacy\" \/>\n<meta property=\"og:description\" content=\"Privacy | Residential Interior Design From DKOR Interiors\" \/>\n<meta property=\"og:url\" content=\"https:\/\/dkorinteriors.com\/es\/privacy\/\" \/>\n<meta property=\"og:site_name\" content=\"Residential Interior Design From DKOR Interiors\" \/>\n<meta property=\"article:publisher\" content=\"https:\/\/www.facebook.com\/dkorinteriors\/\" \/>\n<meta property=\"article:modified_time\" content=\"2021-06-21T17:55:15+00:00\" \/>\n<meta name=\"twitter:card\" content=\"summary_large_image\" \/>\n<meta name=\"twitter:site\" content=\"@dkorinteriors\" \/>\n<meta name=\"twitter:label1\" content=\"Tiempo de lectura\" \/>\n\t<meta name=\"twitter:data1\" content=\"3 minutos\" \/>\n<script type=\"application\/ld+json\" class=\"yoast-schema-graph\">{\"@context\":\"https:\\\/\\\/schema.org\",\"@graph\":[{\"@type\":\"WebPage\",\"@id\":\"https:\\\/\\\/dkorinteriors.com\\\/privacy\\\/\",\"url\":\"https:\\\/\\\/dkorinteriors.com\\\/privacy\\\/\",\"name\":\"Privacy | Residential Interior Design From DKOR Interiors\",\"isPartOf\":{\"@id\":\"https:\\\/\\\/dkorinteriors.com\\\/#website\"},\"datePublished\":\"2016-06-02T22:18:24+00:00\",\"dateModified\":\"2021-06-21T17:55:15+00:00\",\"description\":\"Privacy | Residential Interior Design From DKOR Interiors\",\"breadcrumb\":{\"@id\":\"https:\\\/\\\/dkorinteriors.com\\\/privacy\\\/#breadcrumb\"},\"inLanguage\":\"es\",\"potentialAction\":[{\"@type\":\"ReadAction\",\"target\":[\"https:\\\/\\\/dkorinteriors.com\\\/privacy\\\/\"]}]},{\"@type\":\"BreadcrumbList\",\"@id\":\"https:\\\/\\\/dkorinteriors.com\\\/privacy\\\/#breadcrumb\",\"itemListElement\":[{\"@type\":\"ListItem\",\"position\":1,\"name\":\"Home\",\"item\":\"https:\\\/\\\/dkorinteriors.com\\\/\"},{\"@type\":\"ListItem\",\"position\":2,\"name\":\"Privacy\"}]},{\"@type\":\"WebSite\",\"@id\":\"https:\\\/\\\/dkorinteriors.com\\\/#website\",\"url\":\"https:\\\/\\\/dkorinteriors.com\\\/\",\"name\":\"Residential Interior Design From DKOR Interiors\",\"description\":\"Residential Interior Design Services\",\"publisher\":{\"@id\":\"https:\\\/\\\/dkorinteriors.com\\\/#organization\"},\"alternateName\":\"DKOR Interiors\",\"potentialAction\":[{\"@type\":\"SearchAction\",\"target\":{\"@type\":\"EntryPoint\",\"urlTemplate\":\"https:\\\/\\\/dkorinteriors.com\\\/?s={search_term_string}\"},\"query-input\":{\"@type\":\"PropertyValueSpecification\",\"valueRequired\":true,\"valueName\":\"search_term_string\"}}],\"inLanguage\":\"es\"},{\"@type\":\"Organization\",\"@id\":\"https:\\\/\\\/dkorinteriors.com\\\/#organization\",\"name\":\"Dkor Interiors\",\"url\":\"https:\\\/\\\/dkorinteriors.com\\\/\",\"logo\":{\"@type\":\"ImageObject\",\"inLanguage\":\"es\",\"@id\":\"https:\\\/\\\/dkorinteriors.com\\\/#\\\/schema\\\/logo\\\/image\\\/\",\"url\":\"https:\\\/\\\/dkorinteriors.com\\\/wp-content\\\/uploads\\\/2024\\\/07\\\/DKOR_INTERIORS_LOGO_mobile_retina.webp\",\"contentUrl\":\"https:\\\/\\\/dkorinteriors.com\\\/wp-content\\\/uploads\\\/2024\\\/07\\\/DKOR_INTERIORS_LOGO_mobile_retina.webp\",\"width\":369,\"height\":120,\"caption\":\"Dkor Interiors\"},\"image\":{\"@id\":\"https:\\\/\\\/dkorinteriors.com\\\/#\\\/schema\\\/logo\\\/image\\\/\"},\"sameAs\":[\"https:\\\/\\\/www.facebook.com\\\/dkorinteriors\\\/\",\"https:\\\/\\\/x.com\\\/dkorinteriors\",\"https:\\\/\\\/www.instagram.com\\\/dkorinteriors\",\"https:\\\/\\\/pinterest.com\\\/dkorinteriors\\\/\",\"https:\\\/\\\/www.youtube.com\\\/channel\\\/UCA1U7wRnaz5_lkSMYTXf1qw\"],\"description\":\"Top luxury interior designers in Florida and beyond. Experts in residential and commercial spaces. See our portfolio!\",\"email\":\"INFO@DKORINTERIORS.COM\",\"telephone\":\"(305) 981-2710\",\"legalName\":\"DKOR Interiors\",\"foundingDate\":\"2004-01-16\"}]}<\/script>\n<!-- \/ Yoast SEO Premium plugin. -->","yoast_head_json":{"title":"Privacy | Residential Interior Design From DKOR Interiors","description":"Privacy | Residential Interior Design From DKOR Interiors","robots":{"index":"index","follow":"follow","max-snippet":"max-snippet:-1","max-image-preview":"max-image-preview:large","max-video-preview":"max-video-preview:-1"},"canonical":"https:\/\/dkorinteriors.com\/es\/privacy\/","og_locale":"es_MX","og_type":"article","og_title":"Privacy","og_description":"Privacy | Residential Interior Design From DKOR Interiors","og_url":"https:\/\/dkorinteriors.com\/es\/privacy\/","og_site_name":"Residential Interior Design From DKOR Interiors","article_publisher":"https:\/\/www.facebook.com\/dkorinteriors\/","article_modified_time":"2021-06-21T17:55:15+00:00","twitter_card":"summary_large_image","twitter_site":"@dkorinteriors","twitter_misc":{"Tiempo de lectura":"3 minutos"},"schema":{"@context":"https:\/\/schema.org","@graph":[{"@type":"WebPage","@id":"https:\/\/dkorinteriors.com\/privacy\/","url":"https:\/\/dkorinteriors.com\/privacy\/","name":"Privacy | Residential Interior Design From DKOR Interiors","isPartOf":{"@id":"https:\/\/dkorinteriors.com\/#website"},"datePublished":"2016-06-02T22:18:24+00:00","dateModified":"2021-06-21T17:55:15+00:00","description":"Privacy | Residential Interior Design From DKOR Interiors","breadcrumb":{"@id":"https:\/\/dkorinteriors.com\/privacy\/#breadcrumb"},"inLanguage":"es","potentialAction":[{"@type":"ReadAction","target":["https:\/\/dkorinteriors.com\/privacy\/"]}]},{"@type":"BreadcrumbList","@id":"https:\/\/dkorinteriors.com\/privacy\/#breadcrumb","itemListElement":[{"@type":"ListItem","position":1,"name":"Home","item":"https:\/\/dkorinteriors.com\/"},{"@type":"ListItem","position":2,"name":"Privacy"}]},{"@type":"WebSite","@id":"https:\/\/dkorinteriors.com\/#website","url":"https:\/\/dkorinteriors.com\/","name":"Dise\u00f1o de interiores residenciales de DKOR Interiors","description":"Servicios de dise\u00f1o de interiores residenciales","publisher":{"@id":"https:\/\/dkorinteriors.com\/#organization"},"alternateName":"DKOR Interiors","potentialAction":[{"@type":"SearchAction","target":{"@type":"EntryPoint","urlTemplate":"https:\/\/dkorinteriors.com\/?s={search_term_string}"},"query-input":{"@type":"PropertyValueSpecification","valueRequired":true,"valueName":"search_term_string"}}],"inLanguage":"es"},{"@type":"Organization","@id":"https:\/\/dkorinteriors.com\/#organization","name":"Dkor Interiores","url":"https:\/\/dkorinteriors.com\/","logo":{"@type":"ImageObject","inLanguage":"es","@id":"https:\/\/dkorinteriors.com\/#\/schema\/logo\/image\/","url":"https:\/\/dkorinteriors.com\/wp-content\/uploads\/2024\/07\/DKOR_INTERIORS_LOGO_mobile_retina.webp","contentUrl":"https:\/\/dkorinteriors.com\/wp-content\/uploads\/2024\/07\/DKOR_INTERIORS_LOGO_mobile_retina.webp","width":369,"height":120,"caption":"Dkor Interiors"},"image":{"@id":"https:\/\/dkorinteriors.com\/#\/schema\/logo\/image\/"},"sameAs":["https:\/\/www.facebook.com\/dkorinteriors\/","https:\/\/x.com\/dkorinteriors","https:\/\/www.instagram.com\/dkorinteriors","https:\/\/pinterest.com\/dkorinteriors\/","https:\/\/www.youtube.com\/channel\/UCA1U7wRnaz5_lkSMYTXf1qw"],"description":"Los mejores dise\u00f1adores de interiores de lujo en Florida y m\u00e1s all\u00e1. Expertos en espacios residenciales y comerciales. \u00a1Vea nuestro portafolio!","email":"INFO@DKORINTERIORS.COM","telephone":"(305) 981-2710","legalName":"DKOR Interiors","foundingDate":"2004-01-16"}]}},"_links":{"self":[{"href":"https:\/\/dkorinteriors.com\/es\/wp-json\/wp\/v2\/pages\/19165","targetHints":{"allow":["GET"]}}],"collection":[{"href":"https:\/\/dkorinteriors.com\/es\/wp-json\/wp\/v2\/pages"}],"about":[{"href":"https:\/\/dkorinteriors.com\/es\/wp-json\/wp\/v2\/types\/page"}],"author":[{"embeddable":true,"href":"https:\/\/dkorinteriors.com\/es\/wp-json\/wp\/v2\/users\/3"}],"replies":[{"embeddable":true,"href":"https:\/\/dkorinteriors.com\/es\/wp-json\/wp\/v2\/comments?post=19165"}],"version-history":[{"count":0,"href":"https:\/\/dkorinteriors.com\/es\/wp-json\/wp\/v2\/pages\/19165\/revisions"}],"wp:attachment":[{"href":"https:\/\/dkorinteriors.com\/es\/wp-json\/wp\/v2\/media?parent=19165"}],"curies":[{"name":"wp","href":"https:\/\/api.w.org\/{rel}","templated":true}]}}